{"id":23,"date":"2020-03-27T19:14:24","date_gmt":"2020-03-27T18:14:24","guid":{"rendered":"http:\/\/scieriecormorand.fr\/?page_id=23"},"modified":"2025-12-22T13:40:28","modified_gmt":"2025-12-22T12:40:28","slug":"notre-gamme","status":"publish","type":"page","link":"https:\/\/scieriecormorand.fr\/index.php\/notre-gamme\/","title":{"rendered":"Notre gamme bois brut"},"content":{"rendered":"\n<ul class=\"wp-block-list\">\n<li><strong>Les r\u00e9sineux<\/strong> (Sapin ou Epic\u00e9a selon arrivage ) : <\/li>\n<\/ul>\n\n\n\n<figure class=\"wp-block-table is-style-stripes\"><table><tbody><tr><td>Produit<\/td><td><\/td><td><\/td><td>h (en mm)<br>hauteur<\/td><td>l (en mm)<br>Largeur <\/td><td>L  (en m)<br>Longueur<\/td><td>Prix (\u20ac)<br>TTC<\/td><\/tr><tr><td>Bastings<\/td><td><\/td><td><\/td><td>40<\/td><td>200<\/td><td>4<\/td><td>13\u20ac<\/td><\/tr><tr><td><\/td><td><\/td><td><\/td><td>60<\/td><td>200<\/td><td>4<\/td><td>19\u20ac<\/td><\/tr><tr><td><\/td><td><\/td><td><\/td><td>50<\/td><td>300<\/td><td>4<\/td><td>24\u20ac<\/td><\/tr><tr><td>Chevrons<\/td><td><\/td><td><\/td><td>60<\/td><td>80<\/td><td>2.5<\/td><td>4.80\u20ac<\/td><\/tr><tr><td><\/td><td><\/td><td><\/td><td>60<\/td><td>80<\/td><td>3<\/td><td>5.80\u20ac<\/td><\/tr><tr><td><\/td><td><\/td><td><\/td><td>60<\/td><td>80<\/td><td>4<\/td><td>7.80\u20ac<\/td><\/tr><tr><td>Chevrons<\/td><td><\/td><td><\/td><td>80<\/td><td>100<\/td><td>4<\/td><td>13\u20ac<\/td><\/tr><tr><td>Lambourdes<\/td><td><\/td><td><\/td><td>60<\/td><td>40<\/td><td>3<\/td><td>3\u20ac<\/td><\/tr><tr><td><\/td><td><\/td><td><\/td><td>60<\/td><td>40<\/td><td>4<\/td><td>4\u20ac<\/td><\/tr><tr><td><\/td><td><\/td><td><\/td><td>40<\/td><td>100<\/td><td>2.5<\/td><td>4\u20ac<\/td><\/tr><tr><td>Liteaux<\/td><td><\/td><td><\/td><td>27<\/td><td>40<\/td><td>1.5<\/td><td>6.50\u20ac (les 10)<\/td><\/tr><tr><td><\/td><td><\/td><td><\/td><td>27<\/td><td>40<\/td><td>2<\/td><td>8.50\u20ac (les 10)<\/td><\/tr><tr><td><\/td><td><\/td><td><\/td><td>27<\/td><td>40<\/td><td>2.5<\/td><td>11\u20ac (les 10)<\/td><\/tr><tr><td><\/td><td><\/td><td><\/td><td>27<\/td><td>40<\/td><td>3<\/td><td>13\u20ac (les 10)<\/td><\/tr><tr><td><\/td><td><\/td><td><\/td><td>27<\/td><td>40<\/td><td>4<\/td><td>17\u20ac (les 10)<\/td><\/tr><tr><td>Planches<\/td><td><\/td><td><\/td><td>27<\/td><td>200<\/td><td>2<\/td><td>4.50\u20ac<\/td><\/tr><tr><td><\/td><td><\/td><td><\/td><td>27<\/td><td>200<\/td><td>2.5<\/td><td>5.50\u20ac<\/td><\/tr><tr><td><\/td><td><\/td><td><\/td><td>27<\/td><td>200<\/td><td>3<\/td><td>6.50\u20ac<\/td><\/tr><tr><td><\/td><td><\/td><td><\/td><td>27<\/td><td>200<\/td><td>4<\/td><td>9\u20ac<\/td><\/tr><tr><td>Planches<\/td><td><\/td><td><\/td><td>27<\/td><td>300<\/td><td>4<\/td><td>13\u20ac<\/td><\/tr><tr><td>Voliges<\/td><td><\/td><td><\/td><td>18<\/td><td>200<\/td><td>2<\/td><td>3\u20ac<\/td><\/tr><tr><td><\/td><td><\/td><td><\/td><td>18<\/td><td>200<\/td><td>4<\/td><td>6\u20ac<\/td><\/tr><tr><td>Planches non d\u00e9lign\u00e9es<\/td><td><\/td><td><\/td><td><\/td><td><\/td><td><\/td><td>8\/m\u00b2<\/td><\/tr><tr><td>Poutre<\/td><td><\/td><td><\/td><td>100<\/td><td>200<\/td><td>4<\/td><td>32\u20ac<\/td><\/tr><\/tbody><\/table><\/figure>\n\n\n\n\n\n\n\n<p><\/p>\n\n\n\n<p><\/p>\n\n\n\n<p><\/p>\n\n\n\n<p><\/p>\n\n\n\n<ul class=\"wp-block-list\">\n<li><strong>Les ch\u00eanes : <\/strong><\/li>\n<\/ul>\n\n\n\n<figure class=\"wp-block-table is-style-stripes\"><table><tbody><tr><td>Produits<\/td><td>h (en mm)<br>hauteur<\/td><td> l (en mm)<br>largeur <\/td><td>L (en m)<br>Longueur<\/td><td>Prix (\u20ac)<\/td><\/tr><tr><td>Planche<\/td><td>27<\/td><td>200<\/td><td>1.5<\/td><td>6\u20ac<\/td><\/tr><tr><td><\/td><td>27<\/td><td>200<\/td><td>2<\/td><td>8\u20ac<\/td><\/tr><tr><td><\/td><td>27<\/td><td>200<\/td><td>2.5<\/td><td>10\u20ac<\/td><\/tr><tr><td>Traverse<\/td><td>100<\/td><td>200<\/td><td>ml<\/td><td>14.40\u20ac (le m\u00e8tre lin\u00e9aire)<\/td><\/tr><tr><td>Poteau<\/td><td>70<\/td><td>70<\/td><td>0.5<\/td><td>2.5\u20ac<\/td><\/tr><tr><td><\/td><td>70<\/td><td>70<\/td><td>1<\/td><td>5\u20ac<\/td><\/tr><tr><td><\/td><td>70<\/td><td>70<\/td><td>1.5<\/td><td>7.5\u20ac<\/td><\/tr><tr><td><\/td><td>70<\/td><td>70<\/td><td>2<\/td><td>10\u20ac<\/td><\/tr><\/tbody><\/table><\/figure>\n\n\n\n\n\n\n\n<p><\/p>\n\n\n\n<p><\/p>\n\n\n\n<p><\/p>\n\n\n\n<p><\/p>\n\n\n\n<ul class=\"wp-block-list\">\n<li><strong>Autres : <\/strong><\/li>\n<\/ul>\n\n\n\n<p><\/p>\n\n\n\n<figure class=\"wp-block-table is-style-stripes\"><table><tbody><tr><td>Produit<\/td><td> h (en mm)<br>hauteur <\/td><td>  l (en mm)<br>largeur  <\/td><td> L (en m)<br>Longueur <\/td><td> Prix (\u20ac) <\/td><\/tr><tr><td>Piquets r\u00e9sineux<\/td><td>40<\/td><td>40<\/td><td>1<\/td><td>7\u20ac (les 6)<\/td><\/tr><tr><td><\/td><td>40<\/td><td>40<\/td><td>0.5<\/td><td>3.5\u20ac (les 6)<\/td><\/tr><tr><td> Plaquettes pour paillage <\/td><td><\/td><td><\/td><td><\/td><td> 5\u20ac (les 50 litres) <\/td><\/tr><tr><td>Plaquette pour paillage<\/td><td><\/td><td><\/td><td><\/td><td>30\u20ac (big bag 1m3) + 10\u20ac consigne<\/td><\/tr><tr><td>Caisse \u00e0 pommes<\/td><td><\/td><td><\/td><td><\/td><td>10\u20ac<\/td><\/tr><tr><td>Palette en ch\u00eane<\/td><td><\/td><td>800<\/td><td>1200<\/td><td>35\u20ac<\/td><\/tr><\/tbody><\/table><\/figure>\n\n\n\n<p><\/p>\n\n\n\n<figure class=\"wp-block-gallery has-nested-images columns-default is-cropped wp-block-gallery-1 is-layout-flex wp-block-gallery-is-layout-flex\">\n<figure class=\"wp-block-image\"><img loading=\"lazy\" decoding=\"async\" width=\"768\" height=\"1024\" data-id=\"196\" src=\"https:\/\/scieriecormorand.fr\/wp-content\/uploads\/2020\/04\/piquet-sapin-vendu-en-paquet-de-6-Pi\u00e8ces-en-1m\u00e8tre-\u00e0-7\u20ac-et-050-m\u00e8tre-\u00e0-350\u20ac-768x1024.jpg\" alt=\"\" class=\"wp-image-196\" srcset=\"https:\/\/scieriecormorand.fr\/wp-content\/uploads\/2020\/04\/piquet-sapin-vendu-en-paquet-de-6-Pi\u00e8ces-en-1m\u00e8tre-\u00e0-7\u20ac-et-050-m\u00e8tre-\u00e0-350\u20ac-768x1024.jpg 768w, https:\/\/scieriecormorand.fr\/wp-content\/uploads\/2020\/04\/piquet-sapin-vendu-en-paquet-de-6-Pi\u00e8ces-en-1m\u00e8tre-\u00e0-7\u20ac-et-050-m\u00e8tre-\u00e0-350\u20ac-225x300.jpg 225w, https:\/\/scieriecormorand.fr\/wp-content\/uploads\/2020\/04\/piquet-sapin-vendu-en-paquet-de-6-Pi\u00e8ces-en-1m\u00e8tre-\u00e0-7\u20ac-et-050-m\u00e8tre-\u00e0-350\u20ac-1152x1536.jpg 1152w, https:\/\/scieriecormorand.fr\/wp-content\/uploads\/2020\/04\/piquet-sapin-vendu-en-paquet-de-6-Pi\u00e8ces-en-1m\u00e8tre-\u00e0-7\u20ac-et-050-m\u00e8tre-\u00e0-350\u20ac.jpg 1536w\" sizes=\"auto, (max-width: 768px) 100vw, 768px\" \/><figcaption class=\"wp-element-caption\">piquet sapin en paquet de 6 pi\u00e8ces -1m 7\u20ac -0.5m \u00e0 3.5\u20ac <\/figcaption><\/figure>\n\n\n\n<figure class=\"wp-block-image\"><img loading=\"lazy\" decoding=\"async\" width=\"576\" height=\"1024\" data-id=\"372\" src=\"https:\/\/scieriecormorand.fr\/wp-content\/uploads\/2024\/04\/IMG-20240326-WA0000-576x1024.jpg\" alt=\"\" class=\"wp-image-372\" srcset=\"https:\/\/scieriecormorand.fr\/wp-content\/uploads\/2024\/04\/IMG-20240326-WA0000-576x1024.jpg 576w, https:\/\/scieriecormorand.fr\/wp-content\/uploads\/2024\/04\/IMG-20240326-WA0000-169x300.jpg 169w, https:\/\/scieriecormorand.fr\/wp-content\/uploads\/2024\/04\/IMG-20240326-WA0000-768x1366.jpg 768w, https:\/\/scieriecormorand.fr\/wp-content\/uploads\/2024\/04\/IMG-20240326-WA0000-864x1536.jpg 864w, https:\/\/scieriecormorand.fr\/wp-content\/uploads\/2024\/04\/IMG-20240326-WA0000.jpg 899w\" sizes=\"auto, (max-width: 576px) 100vw, 576px\" \/><figcaption class=\"wp-element-caption\">Sac 30L Paillage<\/figcaption><\/figure>\n\n\n\n<figure class=\"wp-block-image\"><img loading=\"lazy\" decoding=\"async\" width=\"1024\" height=\"768\" data-id=\"373\" src=\"https:\/\/scieriecormorand.fr\/wp-content\/uploads\/2024\/04\/IMG-20240326-WA0001-1024x768.jpg\" alt=\"\" class=\"wp-image-373\" srcset=\"https:\/\/scieriecormorand.fr\/wp-content\/uploads\/2024\/04\/IMG-20240326-WA0001-1024x768.jpg 1024w, https:\/\/scieriecormorand.fr\/wp-content\/uploads\/2024\/04\/IMG-20240326-WA0001-300x225.jpg 300w, https:\/\/scieriecormorand.fr\/wp-content\/uploads\/2024\/04\/IMG-20240326-WA0001-768x576.jpg 768w, https:\/\/scieriecormorand.fr\/wp-content\/uploads\/2024\/04\/IMG-20240326-WA0001-1536x1152.jpg 1536w, https:\/\/scieriecormorand.fr\/wp-content\/uploads\/2024\/04\/IMG-20240326-WA0001-380x285.jpg 380w, https:\/\/scieriecormorand.fr\/wp-content\/uploads\/2024\/04\/IMG-20240326-WA0001-285x214.jpg 285w, https:\/\/scieriecormorand.fr\/wp-content\/uploads\/2024\/04\/IMG-20240326-WA0001.jpg 1600w\" sizes=\"auto, (max-width: 1024px) 100vw, 1024px\" \/><figcaption class=\"wp-element-caption\">Paillage<\/figcaption><\/figure>\n\n\n\n<figure class=\"wp-block-image\"><img loading=\"lazy\" decoding=\"async\" width=\"768\" height=\"1024\" data-id=\"374\" src=\"https:\/\/scieriecormorand.fr\/wp-content\/uploads\/2024\/04\/IMG-20240326-WA0002-768x1024.jpg\" alt=\"\" class=\"wp-image-374\" srcset=\"https:\/\/scieriecormorand.fr\/wp-content\/uploads\/2024\/04\/IMG-20240326-WA0002-768x1024.jpg 768w, https:\/\/scieriecormorand.fr\/wp-content\/uploads\/2024\/04\/IMG-20240326-WA0002-225x300.jpg 225w, https:\/\/scieriecormorand.fr\/wp-content\/uploads\/2024\/04\/IMG-20240326-WA0002-1152x1536.jpg 1152w, https:\/\/scieriecormorand.fr\/wp-content\/uploads\/2024\/04\/IMG-20240326-WA0002.jpg 1200w\" sizes=\"auto, (max-width: 768px) 100vw, 768px\" \/><figcaption class=\"wp-element-caption\">Sac 30L Paillage<\/figcaption><\/figure>\n\n\n\n<figure class=\"wp-block-image\"><img loading=\"lazy\" decoding=\"async\" width=\"768\" height=\"1024\" data-id=\"397\" src=\"https:\/\/scieriecormorand.fr\/wp-content\/uploads\/2025\/11\/1312-768x1024.jpg\" alt=\"\" class=\"wp-image-397\" srcset=\"https:\/\/scieriecormorand.fr\/wp-content\/uploads\/2025\/11\/1312-768x1024.jpg 768w, https:\/\/scieriecormorand.fr\/wp-content\/uploads\/2025\/11\/1312-225x300.jpg 225w, https:\/\/scieriecormorand.fr\/wp-content\/uploads\/2025\/11\/1312-1152x1536.jpg 1152w, https:\/\/scieriecormorand.fr\/wp-content\/uploads\/2025\/11\/1312.jpg 1200w\" sizes=\"auto, (max-width: 768px) 100vw, 768px\" \/><figcaption class=\"wp-element-caption\">Palette ch\u00eane<\/figcaption><\/figure>\n\n\n\n<figure class=\"wp-block-image\"><img loading=\"lazy\" decoding=\"async\" width=\"768\" height=\"1024\" data-id=\"398\" src=\"https:\/\/scieriecormorand.fr\/wp-content\/uploads\/2025\/11\/1306-768x1024.jpg\" alt=\"\" class=\"wp-image-398\" srcset=\"https:\/\/scieriecormorand.fr\/wp-content\/uploads\/2025\/11\/1306-768x1024.jpg 768w, https:\/\/scieriecormorand.fr\/wp-content\/uploads\/2025\/11\/1306-225x300.jpg 225w, https:\/\/scieriecormorand.fr\/wp-content\/uploads\/2025\/11\/1306-1152x1536.jpg 1152w, https:\/\/scieriecormorand.fr\/wp-content\/uploads\/2025\/11\/1306.jpg 1200w\" sizes=\"auto, (max-width: 768px) 100vw, 768px\" \/><figcaption class=\"wp-element-caption\">Palette ch\u00eane<\/figcaption><\/figure>\n\n\n\n<figure class=\"wp-block-image\"><img loading=\"lazy\" decoding=\"async\" width=\"1024\" height=\"768\" data-id=\"399\" src=\"https:\/\/scieriecormorand.fr\/wp-content\/uploads\/2025\/11\/1307-1024x768.jpg\" alt=\"\" class=\"wp-image-399\" srcset=\"https:\/\/scieriecormorand.fr\/wp-content\/uploads\/2025\/11\/1307-1024x768.jpg 1024w, https:\/\/scieriecormorand.fr\/wp-content\/uploads\/2025\/11\/1307-300x225.jpg 300w, https:\/\/scieriecormorand.fr\/wp-content\/uploads\/2025\/11\/1307-768x576.jpg 768w, https:\/\/scieriecormorand.fr\/wp-content\/uploads\/2025\/11\/1307-1536x1152.jpg 1536w, https:\/\/scieriecormorand.fr\/wp-content\/uploads\/2025\/11\/1307-380x285.jpg 380w, https:\/\/scieriecormorand.fr\/wp-content\/uploads\/2025\/11\/1307-285x214.jpg 285w, https:\/\/scieriecormorand.fr\/wp-content\/uploads\/2025\/11\/1307.jpg 1600w\" sizes=\"auto, (max-width: 1024px) 100vw, 1024px\" \/><figcaption class=\"wp-element-caption\">Caisse \u00e0 pommes<\/figcaption><\/figure>\n\n\n\n<figure class=\"wp-block-image\"><img loading=\"lazy\" decoding=\"async\" width=\"768\" height=\"1024\" data-id=\"400\" src=\"https:\/\/scieriecormorand.fr\/wp-content\/uploads\/2025\/11\/1310-768x1024.jpg\" alt=\"\" class=\"wp-image-400\" srcset=\"https:\/\/scieriecormorand.fr\/wp-content\/uploads\/2025\/11\/1310-768x1024.jpg 768w, https:\/\/scieriecormorand.fr\/wp-content\/uploads\/2025\/11\/1310-225x300.jpg 225w, https:\/\/scieriecormorand.fr\/wp-content\/uploads\/2025\/11\/1310-1152x1536.jpg 1152w, https:\/\/scieriecormorand.fr\/wp-content\/uploads\/2025\/11\/1310.jpg 1200w\" sizes=\"auto, (max-width: 768px) 100vw, 768px\" \/><figcaption class=\"wp-element-caption\">Caisse \u00e0 pommes<\/figcaption><\/figure>\n<\/figure>\n","protected":false},"excerpt":{"rendered":"<p>Produit h (en mm)hauteur l (en mm)Largeur L (en m)Longueur Prix (\u20ac)TTC Bastings 40 200 4 13\u20ac 60 200 4 19\u20ac 50 300 4 24\u20ac Chevrons 60 80 2.5 4.80\u20ac 60 80 3 5.80\u20ac 60 80 4 7.80\u20ac Chevrons 80 100 4 13\u20ac Lambourdes 60 40 3 3\u20ac 60 40 4 4\u20ac 40 100 2.5<\/p>\n<p class=\"more-link\"><a href=\"https:\/\/scieriecormorand.fr\/index.php\/notre-gamme\/\" class=\"themebutton\">Read More<\/a><\/p>\n","protected":false},"author":1,"featured_media":0,"parent":0,"menu_order":0,"comment_status":"closed","ping_status":"closed","template":"","meta":{"_monsterinsights_skip_tracking":false,"_monsterinsights_sitenote_active":false,"_monsterinsights_sitenote_note":"","_monsterinsights_sitenote_category":0,"footnotes":""},"class_list":["post-23","page","type-page","status-publish","hentry"],"yoast_head":"<!-- This site is optimized with the Yoast SEO plugin v14.7 - https:\/\/yoast.com\/wordpress\/plugins\/seo\/ -->\n<title>Notre gamme bois brut - Scierie Cormorand<\/title>\n<meta name=\"description\" content=\"Catalogue de prix et produits en stock de la sicierie. .\" \/>\n<meta name=\"robots\" content=\"index, follow\" \/>\n<meta name=\"googlebot\" content=\"index, follow, max-snippet:-1, max-image-preview:large, max-video-preview:-1\" \/>\n<meta name=\"bingbot\" content=\"index, follow, max-snippet:-1, max-image-preview:large, max-video-preview:-1\" \/>\n<link rel=\"canonical\" href=\"https:\/\/scieriecormorand.fr\/index.php\/notre-gamme\/\" \/>\n<meta property=\"og:locale\" content=\"en_US\" \/>\n<meta property=\"og:type\" content=\"article\" \/>\n<meta property=\"og:title\" content=\"Notre gamme bois brut - Scierie Cormorand\" \/>\n<meta property=\"og:description\" content=\"Catalogue de prix et produits en stock de la sicierie. .\" \/>\n<meta property=\"og:url\" content=\"https:\/\/scieriecormorand.fr\/index.php\/notre-gamme\/\" \/>\n<meta property=\"og:site_name\" content=\"Scierie Cormorand\" \/>\n<meta property=\"article:publisher\" content=\"https:\/\/www.facebook.com\/scieriecormorand\/\" \/>\n<meta property=\"article:modified_time\" content=\"2025-12-22T12:40:28+00:00\" \/>\n<meta property=\"og:image\" content=\"https:\/\/scieriecormorand.fr\/wp-content\/uploads\/2020\/04\/piquet-sapin-vendu-en-paquet-de-6-Pi\u00e8ces-en-1m\u00e8tre-\u00e0-7\u20ac-et-050-m\u00e8tre-\u00e0-350\u20ac-768x1024.jpg\" \/>\n<meta name=\"twitter:card\" content=\"summary_large_image\" \/>\n<script type=\"application\/ld+json\" class=\"yoast-schema-graph\">{\"@context\":\"https:\/\/schema.org\",\"@graph\":[{\"@type\":\"WebSite\",\"@id\":\"https:\/\/scieriecormorand.fr\/#website\",\"url\":\"https:\/\/scieriecormorand.fr\/\",\"name\":\"Scierie Cormorand\",\"description\":\"SARL Scierie Cormorand @Chavanod\",\"potentialAction\":[{\"@type\":\"SearchAction\",\"target\":\"https:\/\/scieriecormorand.fr\/?s={search_term_string}\",\"query-input\":\"required name=search_term_string\"}],\"inLanguage\":\"en-US\"},{\"@type\":\"ImageObject\",\"@id\":\"https:\/\/scieriecormorand.fr\/index.php\/notre-gamme\/#primaryimage\",\"inLanguage\":\"en-US\",\"url\":\"https:\/\/scieriecormorand.fr\/wp-content\/uploads\/2020\/04\/piquet-sapin-vendu-en-paquet-de-6-Pi\\u00e8ces-en-1m\\u00e8tre-\\u00e0-7\\u20ac-et-050-m\\u00e8tre-\\u00e0-350\\u20ac-768x1024.jpg\"},{\"@type\":\"WebPage\",\"@id\":\"https:\/\/scieriecormorand.fr\/index.php\/notre-gamme\/#webpage\",\"url\":\"https:\/\/scieriecormorand.fr\/index.php\/notre-gamme\/\",\"name\":\"Notre gamme bois brut - Scierie Cormorand\",\"isPartOf\":{\"@id\":\"https:\/\/scieriecormorand.fr\/#website\"},\"primaryImageOfPage\":{\"@id\":\"https:\/\/scieriecormorand.fr\/index.php\/notre-gamme\/#primaryimage\"},\"datePublished\":\"2020-03-27T18:14:24+00:00\",\"dateModified\":\"2025-12-22T12:40:28+00:00\",\"description\":\"Catalogue de prix et produits en stock de la sicierie. .\",\"inLanguage\":\"en-US\",\"potentialAction\":[{\"@type\":\"ReadAction\",\"target\":[\"https:\/\/scieriecormorand.fr\/index.php\/notre-gamme\/\"]}]}]}<\/script>\n<!-- \/ Yoast SEO plugin. -->","_links":{"self":[{"href":"https:\/\/scieriecormorand.fr\/index.php\/wp-json\/wp\/v2\/pages\/23","targetHints":{"allow":["GET"]}}],"collection":[{"href":"https:\/\/scieriecormorand.fr\/index.php\/wp-json\/wp\/v2\/pages"}],"about":[{"href":"https:\/\/scieriecormorand.fr\/index.php\/wp-json\/wp\/v2\/types\/page"}],"author":[{"embeddable":true,"href":"https:\/\/scieriecormorand.fr\/index.php\/wp-json\/wp\/v2\/users\/1"}],"replies":[{"embeddable":true,"href":"https:\/\/scieriecormorand.fr\/index.php\/wp-json\/wp\/v2\/comments?post=23"}],"version-history":[{"count":31,"href":"https:\/\/scieriecormorand.fr\/index.php\/wp-json\/wp\/v2\/pages\/23\/revisions"}],"predecessor-version":[{"id":406,"href":"https:\/\/scieriecormorand.fr\/index.php\/wp-json\/wp\/v2\/pages\/23\/revisions\/406"}],"wp:attachment":[{"href":"https:\/\/scieriecormorand.fr\/index.php\/wp-json\/wp\/v2\/media?parent=23"}],"curies":[{"name":"wp","href":"https:\/\/api.w.org\/{rel}","templated":true}]}}